{"id":5137,"date":"2025-12-10T01:30:22","date_gmt":"2025-12-10T01:30:22","guid":{"rendered":"https:\/\/getleveraged.com\/?page_id=5137"},"modified":"2025-12-10T01:30:22","modified_gmt":"2025-12-10T01:30:22","slug":"turbo-handel-2","status":"publish","type":"page","link":"https:\/\/getleveraged.com\/de\/turbo-handel-2\/","title":{"rendered":"Turbo Handel"},"content":{"rendered":"","protected":false},"excerpt":{"rendered":"","protected":false},"author":3244,"featured_media":0,"parent":0,"menu_order":0,"comment_status":"closed","ping_status":"closed","template":"page-turbo-trade-uk.php","meta":{"_acf_changed":false,"footnotes":""},"class_list":["post-5137","page","type-page","status-publish","hentry"],"acf":[],"yoast_head":"<!-- This site is optimized with the Yoast SEO plugin v27.3 - https:\/\/yoast.com\/product\/yoast-seo-wordpress\/ -->\n<title>Leveraged<\/title>\n<meta name=\"description\" content=\"Turbo Trade \u2013 Erhalte ein $150.000 finanziertes Konto, zahle erst nach Bestehen der Simulation und verdiene 80% Provision auf deine erzielten Gewinne.\" \/>\n<meta name=\"robots\" content=\"noindex, nofollow\" \/>\n<meta property=\"og:locale\" content=\"de_DE\" \/>\n<meta property=\"og:type\" content=\"article\" \/>\n<meta property=\"og:description\" content=\"Turbo Trade \u2013 Erhalte ein $150.000 finanziertes Konto, zahle erst nach Bestehen der Simulation und verdiene 80% Provision auf deine erzielten Gewinne.\" \/>\n<meta property=\"og:url\" content=\"https:\/\/getleveraged.com\/de\/turbo-handel-2\/\" \/>\n<meta property=\"og:site_name\" content=\"Leveraged\" \/>\n<meta property=\"article:publisher\" content=\"https:\/\/facebook.com\/get_leveraged.financial\" \/>\n<meta name=\"twitter:card\" content=\"summary_large_image\" \/>\n<meta name=\"twitter:site\" content=\"@get_leveraged\" \/>\n<script type=\"application\/ld+json\" class=\"yoast-schema-graph\">{\"@context\":\"https:\\\/\\\/schema.org\",\"@graph\":[{\"@type\":\"WebPage\",\"@id\":\"https:\\\/\\\/getleveraged.com\\\/de\\\/turbo-handel-2\\\/\",\"url\":\"https:\\\/\\\/getleveraged.com\\\/de\\\/turbo-handel-2\\\/\",\"name\":\"\",\"isPartOf\":{\"@id\":\"https:\\\/\\\/getleveraged.com\\\/de\\\/#website\"},\"datePublished\":\"2025-12-10T01:30:22+00:00\",\"description\":\"Turbo Trade \u2013 Erhalte ein $150.000 finanziertes Konto, zahle erst nach Bestehen der Simulation und verdiene 80% Provision auf deine erzielten Gewinne.\",\"breadcrumb\":{\"@id\":\"https:\\\/\\\/getleveraged.com\\\/de\\\/turbo-handel-2\\\/#breadcrumb\"},\"inLanguage\":\"de\",\"potentialAction\":[{\"@type\":\"ReadAction\",\"target\":[\"https:\\\/\\\/getleveraged.com\\\/de\\\/turbo-handel-2\\\/\"]}]},{\"@type\":\"BreadcrumbList\",\"@id\":\"https:\\\/\\\/getleveraged.com\\\/de\\\/turbo-handel-2\\\/#breadcrumb\",\"itemListElement\":[{\"@type\":\"ListItem\",\"position\":1,\"name\":\"Home\",\"item\":\"https:\\\/\\\/getleveraged.com\\\/de\\\/\"},{\"@type\":\"ListItem\",\"position\":2,\"name\":\"Turbo Handel\"}]},{\"@type\":\"WebSite\",\"@id\":\"https:\\\/\\\/getleveraged.com\\\/de\\\/#website\",\"url\":\"https:\\\/\\\/getleveraged.com\\\/de\\\/\",\"name\":\"Leveraged\",\"description\":\"Everyone&#039;s a Trader\",\"potentialAction\":[{\"@type\":\"SearchAction\",\"target\":{\"@type\":\"EntryPoint\",\"urlTemplate\":\"https:\\\/\\\/getleveraged.com\\\/de\\\/?s={search_term_string}\"},\"query-input\":{\"@type\":\"PropertyValueSpecification\",\"valueRequired\":true,\"valueName\":\"search_term_string\"}}],\"inLanguage\":\"de\"}]}<\/script>\n<!-- \/ Yoast SEO plugin. -->","yoast_head_json":{"title":"Leveraged","description":"Turbo Trade \u2013 Erhalte ein $150.000 finanziertes Konto, zahle erst nach Bestehen der Simulation und verdiene 80% Provision auf deine erzielten Gewinne.","robots":{"index":"noindex","follow":"nofollow"},"og_locale":"de_DE","og_type":"article","og_description":"Turbo Trade \u2013 Erhalte ein $150.000 finanziertes Konto, zahle erst nach Bestehen der Simulation und verdiene 80% Provision auf deine erzielten Gewinne.","og_url":"https:\/\/getleveraged.com\/de\/turbo-handel-2\/","og_site_name":"Leveraged","article_publisher":"https:\/\/facebook.com\/get_leveraged.financial","twitter_card":"summary_large_image","twitter_site":"@get_leveraged","schema":{"@context":"https:\/\/schema.org","@graph":[{"@type":"WebPage","@id":"https:\/\/getleveraged.com\/de\/turbo-handel-2\/","url":"https:\/\/getleveraged.com\/de\/turbo-handel-2\/","name":"","isPartOf":{"@id":"https:\/\/getleveraged.com\/de\/#website"},"datePublished":"2025-12-10T01:30:22+00:00","description":"Turbo Trade \u2013 Erhalte ein $150.000 finanziertes Konto, zahle erst nach Bestehen der Simulation und verdiene 80% Provision auf deine erzielten Gewinne.","breadcrumb":{"@id":"https:\/\/getleveraged.com\/de\/turbo-handel-2\/#breadcrumb"},"inLanguage":"de","potentialAction":[{"@type":"ReadAction","target":["https:\/\/getleveraged.com\/de\/turbo-handel-2\/"]}]},{"@type":"BreadcrumbList","@id":"https:\/\/getleveraged.com\/de\/turbo-handel-2\/#breadcrumb","itemListElement":[{"@type":"ListItem","position":1,"name":"Home","item":"https:\/\/getleveraged.com\/de\/"},{"@type":"ListItem","position":2,"name":"Turbo Handel"}]},{"@type":"WebSite","@id":"https:\/\/getleveraged.com\/de\/#website","url":"https:\/\/getleveraged.com\/de\/","name":"Leveraged","description":"Everyone&#039;s a Trader","potentialAction":[{"@type":"SearchAction","target":{"@type":"EntryPoint","urlTemplate":"https:\/\/getleveraged.com\/de\/?s={search_term_string}"},"query-input":{"@type":"PropertyValueSpecification","valueRequired":true,"valueName":"search_term_string"}}],"inLanguage":"de"}]}},"post_meta":{"top_banner":{"top_of_the_banner_text_image":false,"lottie_json":false,"background_image":false,"title":"","subtitle":"","call_to_actions":false},"turbo_hero":{"subtitle-before":"Starten Sie jetzt f\u00fcr nur","subtitle-price":"$8.88","subtitle-after":"Sie zahlen den Rest erst nach bestandener Simulation","v2-description":"Pay after you pass, keep 80% of the rewards.","price-label":"Sofortiger Zugriff:","how-it-works-title":"Wie es funktioniert","hiw-step1-title":"Schritt 1: Starten Sie f\u00fcr nur $8.88","hiw-step1-text":"Erhalten Sie Turbo-Zugang zu Ihrer Bewertung f\u00fcr nur $8,88. Sie brauchen nicht die volle Simulationsgeb\u00fchr zu bezahlen, bis Sie die Pr\u00fcfung bestanden haben. ","hiw-step2-title":"Schritt 2: Erst bestehen, dann zahlen","hiw-step2-text":"Zeigen Sie Ihre F\u00e4higkeiten und bestehen Sie die Bewertung. Sie zahlen erst f\u00fcr die Bewertung, wenn Sie diese erfolgreich bestanden haben. ","hiw-step3-title":"Schritt 3: Erhalte eine Finanzierung von bis zu $150.000","hiw-step3-text":"Behalte 80% der Gewinne und erhalte deine Auszahlung schnell \u00fcber einen unserer Zahlungspartner: VISA, Mastercard, Revolut oder sogar Krypto.","trusted-title":"Das Vertrauen der Weltmarktf\u00fchrer","button-text":"Turbo holen","button-link":"https:\/\/checkout.getleveraged.com\/ref\/58\/?add-to-cart=21665&plan_name=Turbo#billing"},"turbo_stats":{"stat-1":"150+","stat-1-text":"L\u00e4nder, die nicht bedienen","stat-2":"$1B","stat-2-text":"Monatliches Handelsvolumen","stat-3":"15,000+","stat-3-text":"Neu ernannte Portfoliomanager","stat-4":"24\/7","stat-4-text":"Unterst\u00fctzung rund um die Uhr"},"turbo_rules":{"rules-title":"Turbo Trade Programm Regeln","rules-subtitle":"Zahlen Sie erst, wenn Sie bestanden haben: Wir stellen Ihre F\u00e4higkeiten auf die Probe, nicht Ihr Bankkonto","card1-title":"Gewinnziel","card1-title-value":"6%","card1-title-text":"Das Ziel, finanziert zu werden","card2-title":"T\u00e4gliches Verlustlimit","card2-title-value":"3%","card2-title-text":"Klares Risikomanagement","card3-title":"Maximaler Drawdown","card3-title-value":"6%","card3-title-text":"Risikodisziplin","card4-title":"Gewinnaufteilung","card4-title-value":"80%","card4-title-text":"Ihr Auftrag","card5-title":"Bewertung","card5-title-value":"1 Schritt","card5-title-text":"Ein Schritt zur Finanzierung","card6-title":"Kein Zeitlimit","card6-title-value":0,"card6-title-text":"Handeln Sie in Ihrem eigenen Tempo","button_text":"Erhalten Sie Turbo f\u00fcr $8.88","faq-button-text":"FAQ","faq-button-link":"https:\/\/faq.getleveraged.com\/de\/collections\/14578122-turbo-programm"},"turbo_testimonials":{"title":"Vertraut von Portfoliomanagern auf der ganzen Welt"},"turbo_pricing":{"title":"Turbo Trade Preisgestaltung","10k_label":"$10k","25k_label":"$25k","50k_label":"$50k","100k_label":"$100k","150k_label":"$150k","10k_display":"$10,000","25k_display":"$25,000","50k_display":"$50,000","100k_display":"$100,000","150k_display":"$150,000","10k_crossed_fee":"$76.12","25k_crossed_fee":"$180.12","50k_crossed_fee":"$340.12","100k_crossed_fee":"$540.12","150k_crossed_fee":"$816.12","10k_product_id":"36127","25k_product_id":"36128","50k_product_id":"36129","100k_product_id":"36130","150k_product_id":"36131","simulation_col_title":"Simulation","funded_col_title":"Gef\u00f6rdert","row1_label":"Gewinnziel","row1_sim":"6%","row1_funded":"K.A.","row2_label":"T\u00e4glicher Verlust","row2_sim":"3%","row2_funded":"3%","row3_label":"Max. nachlaufender Verlust","row3_sim":"6%","row3_funded":"6%","row4_label":"Mindestprofitable Tage (0,5%)","row4_sim":"K.A.","row4_funded":"3","row5_label":"Auszahlung Split","row5_sim":"K.A.","row5_funded":"80%","row6_label":"Konsistenz Score","row6_sim":"K.A.","row6_funded":"20%","row7_label":"Auszahlungsfrequenz","row7_sim":"K.A.","row7_funded":"14-Tage","row8_label":"Hebelwirkung","row8_sim":"1:30","row8_funded":"1:30","row9_label":"Zeitlimit","row9_sim":"Unbegrenzt","row9_funded":"Unbegrenzt","info_title":"Turbo Handel","info_step_text":"1-Schritt","info_description":"Das Turbo-Programm ist ein \"Pay After You Pass\"-Programm, das Tradern einen risikofreien Start erm\u00f6glicht. Sie zahlen nur eine geringe Geb\u00fchr von $8,88, um die Plattformkosten zu decken. Wenn Sie die Handelsziele erreichen und die Herausforderung bestehen, zahlen Sie erst dann <a href=\"https:\/\/faq.getleveraged.com\/de\/articles\/11982223-wie-viel-zahle-ich-und-wann\" target=\"_blank\" rel=\"noopener noreferrer\"><strong>die Programmaktivierungsgeb\u00fchr bezahlen<\/strong><\/a> um Ihr finanziertes Konto freizuschalten.  ","evaluation_label":"Bewertungsgeb\u00fchr, bezahlt nach Bestehen","initial_fee":"$8.88","cta_text":"Turbo holen","default_size_key":"100k"},"turbo_faq":{"title":"FAQ","question1":"Was ist die LEVERAGED Turbo Challenge?","question2":"Inwiefern unterscheidet sich dies von anderen Herausforderungen f\u00fcr Immobilienfirmen?","question3":"Was sind die Regeln und Ziele der Turbo Challenge?","question4":"Was passiert, nachdem ich die Herausforderung bestanden habe?","question5":"Wie werde ich bezahlt?","answer1":"Die Turbo Challenge ist eine propriet\u00e4re Handelssimulation, die dazu dient, talentierte und disziplinierte Trader zu finden. Im Gegensatz zu herk\u00f6mmlichen Challenges bedeutet unser einzigartiges \"Pay after you pass\"-Modell, dass Sie nur eine geringe Anfangsgeb\u00fchr von 8,88 $ zahlen und den Rest erst, wenn Sie die Bewertung erfolgreich abgeschlossen haben. Damit entf\u00e4llt das finanzielle Risiko und Sie k\u00f6nnen sich ganz auf Ihre Leistung konzentrieren.  ","answer2":"Unser Hauptunterschied ist unser Preismodell. Wir glauben an Ihre F\u00e4higkeiten, deshalb berechnen wir Ihnen keine hohe Vorauszahlung. Stattdessen zahlen Sie zu Beginn einen kleinen Betrag und erst dann den vollen Betrag, wenn Sie Ihre F\u00e4higkeiten durch eine einstufige Bewertung unter Beweis gestellt haben. So steht Ihr Talent an erster Stelle, nicht Ihr Geldbeutel.   ","answer3":"Die Regeln sind einfach und f\u00fcr einen realistischen Handel ausgelegt. Sie arbeiten auf ein Gewinnziel von 6 % mit einer strengen Verlustgrenze von 3 % pro Tag hin. Es gibt keine Zeitlimits, so dass Sie in Ihrem eigenen Tempo handeln k\u00f6nnen. Sobald Sie das Gewinnziel erreicht haben, ohne das Verlustlimit zu \u00fcberschreiten, haben Sie bestanden!   ","answer4":"Sobald Sie die Pr\u00fcfung bestanden haben, werden Sie aufgefordert, den Restbetrag und eine einmalige Aktivierungsgeb\u00fchr zu zahlen. Danach werden wir Ihr Konto offiziell einzahlen. Sie k\u00f6nnen dann mit unserem Kapital handeln und beginnen, echte Gewinne zu erwirtschaften. Alle zwei Wochen wird eine gro\u00dfz\u00fcgige Gewinnbeteiligung von 80% ausgezahlt.  ","answer5":"Wir machen den Auszahlungsprozess so einfach wie m\u00f6glich. Sobald Sie auf Ihrem finanzierten Konto Gewinne erzielt haben, erhalten Sie Ihren Anteil per sicherer \u00dcberweisung auf Ihr Bankkonto. Die Auszahlungen werden alle zwei Wochen vorgenommen, so dass Sie Ihre Gewinne schnell und zuverl\u00e4ssig erhalten.  ","faq-button":"Erhalten Sie Turbo f\u00fcr $8.88","faq-button-link":"https:\/\/checkout.getleveraged.com\/ref\/58\/?add-to-cart=21665#billing"}},"_links":{"self":[{"href":"https:\/\/getleveraged.com\/de\/wp-json\/wp\/v2\/pages\/5137","targetHints":{"allow":["GET"]}}],"collection":[{"href":"https:\/\/getleveraged.com\/de\/wp-json\/wp\/v2\/pages"}],"about":[{"href":"https:\/\/getleveraged.com\/de\/wp-json\/wp\/v2\/types\/page"}],"author":[{"embeddable":true,"href":"https:\/\/getleveraged.com\/de\/wp-json\/wp\/v2\/users\/3244"}],"replies":[{"embeddable":true,"href":"https:\/\/getleveraged.com\/de\/wp-json\/wp\/v2\/comments?post=5137"}],"version-history":[{"count":1,"href":"https:\/\/getleveraged.com\/de\/wp-json\/wp\/v2\/pages\/5137\/revisions"}],"predecessor-version":[{"id":5146,"href":"https:\/\/getleveraged.com\/de\/wp-json\/wp\/v2\/pages\/5137\/revisions\/5146"}],"wp:attachment":[{"href":"https:\/\/getleveraged.com\/de\/wp-json\/wp\/v2\/media?parent=5137"}],"curies":[{"name":"wp","href":"https:\/\/api.w.org\/{rel}","templated":true}]}}