{"id":5138,"date":"2025-12-10T01:30:22","date_gmt":"2025-12-10T01:30:22","guid":{"rendered":"https:\/\/getleveraged.com\/?page_id=5138"},"modified":"2025-12-10T01:30:22","modified_gmt":"2025-12-10T01:30:22","slug":"comercio-turbo-2","status":"publish","type":"page","link":"https:\/\/getleveraged.com\/es\/comercio-turbo-2\/","title":{"rendered":"Comercio turbo"},"content":{"rendered":"","protected":false},"excerpt":{"rendered":"","protected":false},"author":3244,"featured_media":0,"parent":0,"menu_order":0,"comment_status":"closed","ping_status":"closed","template":"page-turbo-trade-uk.php","meta":{"_acf_changed":false,"footnotes":""},"class_list":["post-5138","page","type-page","status-publish","hentry"],"acf":[],"yoast_head":"<!-- This site is optimized with the Yoast SEO plugin v27.3 - https:\/\/yoast.com\/product\/yoast-seo-wordpress\/ -->\n<title>Comercio turbo .<\/title>\n<meta name=\"description\" content=\"Turbo Trade - Obtenga una cuenta financiada con $100K, Pague s\u00f3lo despu\u00e9s de pasar la evaluaci\u00f3n y gane 80% de comisi\u00f3n sobre sus ganancias generadas.\" \/>\n<meta name=\"robots\" content=\"noindex, nofollow\" \/>\n<meta property=\"og:locale\" content=\"es_ES\" \/>\n<meta property=\"og:type\" content=\"article\" \/>\n<meta property=\"og:title\" content=\"Comercio turbo .\" \/>\n<meta property=\"og:description\" content=\"Turbo Trade - Obtenga una cuenta financiada con $100K, Pague s\u00f3lo despu\u00e9s de pasar la evaluaci\u00f3n y gane 80% de comisi\u00f3n sobre sus ganancias generadas.\" \/>\n<meta property=\"og:url\" content=\"https:\/\/getleveraged.com\/es\/comercio-turbo-2\/\" \/>\n<meta property=\"og:site_name\" content=\"Leveraged\" \/>\n<meta property=\"article:publisher\" content=\"https:\/\/facebook.com\/get_leveraged.financial\" \/>\n<meta name=\"twitter:card\" content=\"summary_large_image\" \/>\n<meta name=\"twitter:site\" content=\"@get_leveraged\" \/>\n<script type=\"application\/ld+json\" class=\"yoast-schema-graph\">{\"@context\":\"https:\\\/\\\/schema.org\",\"@graph\":[{\"@type\":\"WebPage\",\"@id\":\"https:\\\/\\\/getleveraged.com\\\/es\\\/comercio-turbo-2\\\/\",\"url\":\"https:\\\/\\\/getleveraged.com\\\/es\\\/comercio-turbo-2\\\/\",\"name\":\"Comercio turbo .\",\"isPartOf\":{\"@id\":\"https:\\\/\\\/getleveraged.com\\\/es\\\/#website\"},\"datePublished\":\"2025-12-10T01:30:22+00:00\",\"description\":\"Turbo Trade - Obtenga una cuenta financiada con $100K, Pague s\u00f3lo despu\u00e9s de pasar la evaluaci\u00f3n y gane 80% de comisi\u00f3n sobre sus ganancias generadas.\",\"breadcrumb\":{\"@id\":\"https:\\\/\\\/getleveraged.com\\\/es\\\/comercio-turbo-2\\\/#breadcrumb\"},\"inLanguage\":\"es\",\"potentialAction\":[{\"@type\":\"ReadAction\",\"target\":[\"https:\\\/\\\/getleveraged.com\\\/es\\\/comercio-turbo-2\\\/\"]}]},{\"@type\":\"BreadcrumbList\",\"@id\":\"https:\\\/\\\/getleveraged.com\\\/es\\\/comercio-turbo-2\\\/#breadcrumb\",\"itemListElement\":[{\"@type\":\"ListItem\",\"position\":1,\"name\":\"Home\",\"item\":\"https:\\\/\\\/getleveraged.com\\\/es\\\/\"},{\"@type\":\"ListItem\",\"position\":2,\"name\":\"Comercio turbo\"}]},{\"@type\":\"WebSite\",\"@id\":\"https:\\\/\\\/getleveraged.com\\\/es\\\/#website\",\"url\":\"https:\\\/\\\/getleveraged.com\\\/es\\\/\",\"name\":\"Leveraged\",\"description\":\"Everyone&#039;s a Trader\",\"publisher\":{\"@id\":\"https:\\\/\\\/getleveraged.com\\\/es\\\/#organization\"},\"potentialAction\":[{\"@type\":\"SearchAction\",\"target\":{\"@type\":\"EntryPoint\",\"urlTemplate\":\"https:\\\/\\\/getleveraged.com\\\/es\\\/?s={search_term_string}\"},\"query-input\":{\"@type\":\"PropertyValueSpecification\",\"valueRequired\":true,\"valueName\":\"search_term_string\"}}],\"inLanguage\":\"es\"},{\"@type\":\"Organization\",\"@id\":\"https:\\\/\\\/getleveraged.com\\\/es\\\/#organization\",\"name\":\"Leveraged\",\"url\":\"https:\\\/\\\/getleveraged.com\\\/es\\\/\",\"logo\":{\"@type\":\"ImageObject\",\"inLanguage\":\"es\",\"@id\":\"https:\\\/\\\/getleveraged.com\\\/es\\\/#\\\/schema\\\/logo\\\/image\\\/\",\"url\":\"https:\\\/\\\/getleveraged.com\\\/wp-content\\\/uploads\\\/2025\\\/04\\\/svg-light-symbol-nearby-2.svg\",\"contentUrl\":\"https:\\\/\\\/getleveraged.com\\\/wp-content\\\/uploads\\\/2025\\\/04\\\/svg-light-symbol-nearby-2.svg\",\"caption\":\"Leveraged\"},\"image\":{\"@id\":\"https:\\\/\\\/getleveraged.com\\\/es\\\/#\\\/schema\\\/logo\\\/image\\\/\"},\"sameAs\":[\"https:\\\/\\\/facebook.com\\\/get_leveraged.financial\",\"https:\\\/\\\/x.com\\\/get_leveraged\",\"https:\\\/\\\/instagram.com\\\/get_leveraged\",\"https:\\\/\\\/youtube.com\\\/@get_leveraged\"]}]}<\/script>\n<!-- \/ Yoast SEO plugin. -->","yoast_head_json":{"title":"Comercio turbo .","description":"Turbo Trade - Obtenga una cuenta financiada con $100K, Pague s\u00f3lo despu\u00e9s de pasar la evaluaci\u00f3n y gane 80% de comisi\u00f3n sobre sus ganancias generadas.","robots":{"index":"noindex","follow":"nofollow"},"og_locale":"es_ES","og_type":"article","og_title":"Comercio turbo .","og_description":"Turbo Trade - Obtenga una cuenta financiada con $100K, Pague s\u00f3lo despu\u00e9s de pasar la evaluaci\u00f3n y gane 80% de comisi\u00f3n sobre sus ganancias generadas.","og_url":"https:\/\/getleveraged.com\/es\/comercio-turbo-2\/","og_site_name":"Leveraged","article_publisher":"https:\/\/facebook.com\/get_leveraged.financial","twitter_card":"summary_large_image","twitter_site":"@get_leveraged","schema":{"@context":"https:\/\/schema.org","@graph":[{"@type":"WebPage","@id":"https:\/\/getleveraged.com\/es\/comercio-turbo-2\/","url":"https:\/\/getleveraged.com\/es\/comercio-turbo-2\/","name":"Comercio turbo .","isPartOf":{"@id":"https:\/\/getleveraged.com\/es\/#website"},"datePublished":"2025-12-10T01:30:22+00:00","description":"Turbo Trade - Obtenga una cuenta financiada con $100K, Pague s\u00f3lo despu\u00e9s de pasar la evaluaci\u00f3n y gane 80% de comisi\u00f3n sobre sus ganancias generadas.","breadcrumb":{"@id":"https:\/\/getleveraged.com\/es\/comercio-turbo-2\/#breadcrumb"},"inLanguage":"es","potentialAction":[{"@type":"ReadAction","target":["https:\/\/getleveraged.com\/es\/comercio-turbo-2\/"]}]},{"@type":"BreadcrumbList","@id":"https:\/\/getleveraged.com\/es\/comercio-turbo-2\/#breadcrumb","itemListElement":[{"@type":"ListItem","position":1,"name":"Home","item":"https:\/\/getleveraged.com\/es\/"},{"@type":"ListItem","position":2,"name":"Comercio turbo"}]},{"@type":"WebSite","@id":"https:\/\/getleveraged.com\/es\/#website","url":"https:\/\/getleveraged.com\/es\/","name":"Leveraged","description":"Everyone&#039;s a Trader","publisher":{"@id":"https:\/\/getleveraged.com\/es\/#organization"},"potentialAction":[{"@type":"SearchAction","target":{"@type":"EntryPoint","urlTemplate":"https:\/\/getleveraged.com\/es\/?s={search_term_string}"},"query-input":{"@type":"PropertyValueSpecification","valueRequired":true,"valueName":"search_term_string"}}],"inLanguage":"es"},{"@type":"Organization","@id":"https:\/\/getleveraged.com\/es\/#organization","name":"Leveraged","url":"https:\/\/getleveraged.com\/es\/","logo":{"@type":"ImageObject","inLanguage":"es","@id":"https:\/\/getleveraged.com\/es\/#\/schema\/logo\/image\/","url":"https:\/\/getleveraged.com\/wp-content\/uploads\/2025\/04\/svg-light-symbol-nearby-2.svg","contentUrl":"https:\/\/getleveraged.com\/wp-content\/uploads\/2025\/04\/svg-light-symbol-nearby-2.svg","caption":"Leveraged"},"image":{"@id":"https:\/\/getleveraged.com\/es\/#\/schema\/logo\/image\/"},"sameAs":["https:\/\/facebook.com\/get_leveraged.financial","https:\/\/x.com\/get_leveraged","https:\/\/instagram.com\/get_leveraged","https:\/\/youtube.com\/@get_leveraged"]}]}},"post_meta":{"top_banner":{"top_of_the_banner_text_image":false,"lottie_json":false,"background_image":false,"title":"","subtitle":"","call_to_actions":false},"turbo_hero":{"subtitle-before":"Empieza ahora por s\u00f3lo","subtitle-price":"$8.88","subtitle-after":"paga el resto despu\u00e9s de aprobar","v2-description":"Pay after you pass, keep 80% of the rewards.","price-label":"Acceso instant\u00e1neo:","how-it-works-title":"C\u00f3mo funciona","hiw-step1-title":"Paso 1: Empezar por s\u00f3lo 8,88","hiw-step1-text":"Obtenga acceso turbo a su evaluaci\u00f3n por s\u00f3lo 8,88 $. No hay necesidad de pagar la cuota completa de simulaci\u00f3n hasta que apruebe. ","hiw-step2-title":"Paso 2: aprobar primero, pagar despu\u00e9s","hiw-step2-text":"Demuestre sus habilidades y apruebe la evaluaci\u00f3n. Solo pagar\u00e1s la evaluaci\u00f3n despu\u00e9s de haberla superado con \u00e9xito. ","hiw-step3-title":"Paso 3: Conseguir financiaci\u00f3n hasta 100.000 d\u00f3lares","hiw-step3-text":"Qu\u00e9dese con el 80% de los beneficios y reciba el pago r\u00e1pidamente a trav\u00e9s de uno de nuestros socios de pago: VISA, Mastercard, PayPal, Revolut e incluso Crypto.","trusted-title":"La confianza de los l\u00edderes mundiales","button-text":"Obtener Turbo","button-link":"https:\/\/checkout.getleveraged.com\/ref\/58\/?add-to-cart=859"},"turbo_stats":{"stat-1":"150+","stat-1-text":"Pa\u00edses fuera de la UE","stat-2":"$1B","stat-2-text":"Volumen de negociaci\u00f3n mensual","stat-3":"5,000+","stat-3-text":"Gestores de cartera reci\u00e9n nombrados","stat-4":"24\/7","stat-4-text":"Asistencia las 24 horas del d\u00eda, sin d\u00edas..."},"turbo_rules":{"rules-title":"Normas del programa Turbo Trade","rules-subtitle":"Pague despu\u00e9s de aprobar: Ponemos a prueba sus habilidades, no su cuenta bancaria","card1-title":"Objetivo de beneficios","card1-title-value":"6%","card1-title-text":"El objetivo de conseguir financiaci\u00f3n","card2-title":"L\u00edmite de p\u00e9rdidas diarias","card2-title-value":"3%","card2-title-text":"Gesti\u00f3n clara de los riesgos","card3-title":"Reducci\u00f3n m\u00e1xima","card3-title-value":"6%","card3-title-text":"Disciplina de riesgo","card4-title":"Reparto de beneficios","card4-title-value":"80%","card4-title-text":"Su comisi\u00f3n","card5-title":"Evaluaci\u00f3n","card5-title-value":"1 Paso","card5-title-text":"Un paso para obtener financiaci\u00f3n","card6-title":"Sin l\u00edmite de tiempo","card6-title-value":0,"card6-title-text":"Opere a su ritmo","button_text":"Consigue Turbo por 8,88","faq-button-text":"PREGUNTAS FRECUENTES","faq-button-link":"https:\/\/faq.getleveraged.com\/es\/collections\/14578122-program-turbo"},"turbo_testimonials":{"title":"La confianza de los gestores de carteras de todo el mundo"},"turbo_pricing":{"title":"Precios Turbo Trade","10k_label":"$10k","25k_label":"$25k","50k_label":"$50k","100k_label":"$100k","150k_label":"$150k","10k_display":"$10,000","25k_display":"$25,000","50k_display":"$50,000","100k_display":"$100,000","150k_display":"$150,000","10k_crossed_fee":"$76.12","25k_crossed_fee":"$180.12","50k_crossed_fee":"$340.12","100k_crossed_fee":"$540.12","150k_crossed_fee":"$816.12","10k_product_id":"36127","25k_product_id":"36128","50k_product_id":"36129","100k_product_id":"36130","150k_product_id":"36131","simulation_col_title":"Simulaci\u00f3n","funded_col_title":"Financiado","row1_label":"Objetivo de beneficios","row1_sim":"6%","row1_funded":"N\/A","row2_label":"P\u00e9rdida diaria","row2_sim":"3%","row2_funded":"3%","row3_label":"P\u00e9rdida m\u00e1xima de arrastre","row3_sim":"6%","row3_funded":"6%","row4_label":"D\u00edas m\u00ednimos rentables (0,5%)","row4_sim":"N\/A","row4_funded":"3","row5_label":"Reparto de pagos","row5_sim":"N\/A","row5_funded":"80%","row6_label":"Puntuaci\u00f3n de coherencia","row6_sim":"N\/A","row6_funded":"20%","row7_label":"Frecuencia de pago","row7_sim":"N\/A","row7_funded":"14 d\u00edas","row8_label":"Aproveche","row8_sim":"1:30","row8_funded":"1:30","row9_label":"L\u00edmite de tiempo","row9_sim":"Sin l\u00edmites","row9_funded":"Sin l\u00edmites","info_title":"Comercio turbo","info_step_text":"1-Paso","info_description":"El Programa Turbo es un reto \"Pague despu\u00e9s de aprobar\" dise\u00f1ado para ofrecer a los operadores un comienzo sin riesgos. Usted s\u00f3lo paga una peque\u00f1a cuota de 8,88 $ para cubrir los costes de la plataforma. Cuando cumpla los objetivos de negociaci\u00f3n y supere el reto, s\u00f3lo entonces pagar\u00e1 <a href=\"https:\/\/faq.getleveraged.com\/es\/articles\/11982223-cuanto-tengo-que-pagar-y-cuando\" target=\"_blank\" rel=\"noopener noreferrer\"><strong>pagar la cuota de activaci\u00f3n del programa<\/strong><\/a> para desbloquear su cuenta financiada.  ","evaluation_label":"Tasa de evaluaci\u00f3n, pagada despu\u00e9s de aprobar","initial_fee":"$8.88","cta_text":"Obtener Turbo","default_size_key":"100k"},"turbo_faq":{"title":"PREGUNTAS FRECUENTES","question1":"\u00bfQu\u00e9 es el Reto LEVERAGED Turbo?","question2":"\u00bfEn qu\u00e9 se diferencia de otros retos de las empresas de atrezzo?","question3":"\u00bfCu\u00e1les son las normas y los objetivos del Desaf\u00edo Turbo?","question4":"\u00bfQu\u00e9 ocurre despu\u00e9s de superar el reto?","question5":"\u00bfC\u00f3mo cobro?","answer1":"El Turbo Challenge es una simulaci\u00f3n de trading patentada dise\u00f1ada para encontrar traders talentosos y disciplinados. A diferencia de los desaf\u00edos tradicionales, nuestro modelo \u00fanico de \"pagar despu\u00e9s de aprobar\" significa que usted s\u00f3lo paga una baja cuota inicial de 8,88 $ y s\u00f3lo paga el resto una vez que haya completado con \u00e9xito la evaluaci\u00f3n. Esto elimina el riesgo financiero y le permite centrarse exclusivamente en su rendimiento.  ","answer2":"Nuestra principal diferencia es nuestro modelo de precios. Creemos en su capacidad, por lo que no le cobramos una elevada tarifa inicial. En su lugar, pagas una peque\u00f1a cantidad para empezar, y s\u00f3lo realizas el pago completo despu\u00e9s de haber demostrado tus habilidades superando la evaluaci\u00f3n de un paso. De este modo, lo primero es tu talento, no tu cartera.   ","answer3":"Las reglas son sencillas y est\u00e1n dise\u00f1adas para un trading realista. Trabajar\u00e1 para conseguir un objetivo de beneficios del 6% con un estricto l\u00edmite de p\u00e9rdidas diarias del 3%. No hay l\u00edmites de tiempo, por lo que puede operar a su propio ritmo. Una vez que alcance el objetivo de beneficios sin superar el l\u00edmite de p\u00e9rdidas, \u00a1pasa!   ","answer4":"Una vez superada la evaluaci\u00f3n, se te pedir\u00e1 que pagues el saldo restante y una \u00fanica cuota de activaci\u00f3n. Una vez hecho esto, ingresaremos fondos oficialmente en su cuenta. A partir de ese momento, podr\u00e1 empezar a operar con nuestro capital y a obtener beneficios reales, con un generoso reparto de beneficios del 80% pagado quincenalmente.  ","answer5":"Hacemos que el proceso de pago sea lo m\u00e1s sencillo posible. Una vez que haya generado beneficios en su cuenta financiada, recibir\u00e1 su parte mediante una transferencia segura a su cuenta bancaria. Procesamos los pagos cada dos semanas, para que recibas tus ganancias de forma r\u00e1pida y fiable.  ","faq-button":"Consigue Turbo por 8,88","faq-button-link":"https:\/\/checkout.getleveraged.com\/ref\/58\/?add-to-cart=859&plan_name=Turbo#billing"}},"_links":{"self":[{"href":"https:\/\/getleveraged.com\/es\/wp-json\/wp\/v2\/pages\/5138","targetHints":{"allow":["GET"]}}],"collection":[{"href":"https:\/\/getleveraged.com\/es\/wp-json\/wp\/v2\/pages"}],"about":[{"href":"https:\/\/getleveraged.com\/es\/wp-json\/wp\/v2\/types\/page"}],"author":[{"embeddable":true,"href":"https:\/\/getleveraged.com\/es\/wp-json\/wp\/v2\/users\/3244"}],"replies":[{"embeddable":true,"href":"https:\/\/getleveraged.com\/es\/wp-json\/wp\/v2\/comments?post=5138"}],"version-history":[{"count":1,"href":"https:\/\/getleveraged.com\/es\/wp-json\/wp\/v2\/pages\/5138\/revisions"}],"predecessor-version":[{"id":5147,"href":"https:\/\/getleveraged.com\/es\/wp-json\/wp\/v2\/pages\/5138\/revisions\/5147"}],"wp:attachment":[{"href":"https:\/\/getleveraged.com\/es\/wp-json\/wp\/v2\/media?parent=5138"}],"curies":[{"name":"wp","href":"https:\/\/api.w.org\/{rel}","templated":true}]}}