{"id":5139,"date":"2025-12-10T01:30:22","date_gmt":"2025-12-10T01:30:22","guid":{"rendered":"https:\/\/getleveraged.com\/?page_id=5139"},"modified":"2025-12-10T01:30:22","modified_gmt":"2025-12-10T01:30:22","slug":"turbo-trade-2","status":"publish","type":"page","link":"https:\/\/getleveraged.com\/fr\/turbo-trade-2\/","title":{"rendered":"Turbo Trade"},"content":{"rendered":"","protected":false},"excerpt":{"rendered":"","protected":false},"author":3244,"featured_media":0,"parent":0,"menu_order":0,"comment_status":"closed","ping_status":"closed","template":"page-turbo-trade-uk.php","meta":{"_acf_changed":false,"footnotes":""},"class_list":["post-5139","page","type-page","status-publish","hentry"],"acf":[],"yoast_head":"<!-- This site is optimized with the Yoast SEO plugin v27.3 - https:\/\/yoast.com\/product\/yoast-seo-wordpress\/ -->\n<title>Leveraged Turbo Trade %.<\/title>\n<meta name=\"description\" content=\"Turbo Trade - Obtenez un compte de 100K$, payez seulement apr\u00e8s avoir pass\u00e9 l&#039;\u00e9valuation et gagnez 80% de commission sur les profits g\u00e9n\u00e9r\u00e9s.\" \/>\n<meta name=\"robots\" content=\"noindex, nofollow\" \/>\n<meta property=\"og:locale\" content=\"fr_FR\" \/>\n<meta property=\"og:type\" content=\"article\" \/>\n<meta property=\"og:title\" content=\"Leveraged Turbo Trade %.\" \/>\n<meta property=\"og:description\" content=\"Turbo Trade - Obtenez un compte de 100K$, payez seulement apr\u00e8s avoir pass\u00e9 l&#039;\u00e9valuation et gagnez 80% de commission sur les profits g\u00e9n\u00e9r\u00e9s.\" \/>\n<meta property=\"og:url\" content=\"https:\/\/getleveraged.com\/fr\/turbo-trade-2\/\" \/>\n<meta property=\"og:site_name\" content=\"Leveraged\" \/>\n<meta property=\"article:publisher\" content=\"https:\/\/facebook.com\/get_leveraged.financial\" \/>\n<meta name=\"twitter:card\" content=\"summary_large_image\" \/>\n<meta name=\"twitter:site\" content=\"@get_leveraged\" \/>\n<script type=\"application\/ld+json\" class=\"yoast-schema-graph\">{\"@context\":\"https:\\\/\\\/schema.org\",\"@graph\":[{\"@type\":\"WebPage\",\"@id\":\"https:\\\/\\\/getleveraged.com\\\/fr\\\/turbo-trade-2\\\/\",\"url\":\"https:\\\/\\\/getleveraged.com\\\/fr\\\/turbo-trade-2\\\/\",\"name\":\"Leveraged Turbo Trade %.\",\"isPartOf\":{\"@id\":\"https:\\\/\\\/getleveraged.com\\\/fr\\\/#website\"},\"datePublished\":\"2025-12-10T01:30:22+00:00\",\"description\":\"Turbo Trade - Obtenez un compte de 100K$, payez seulement apr\u00e8s avoir pass\u00e9 l'\u00e9valuation et gagnez 80% de commission sur les profits g\u00e9n\u00e9r\u00e9s.\",\"breadcrumb\":{\"@id\":\"https:\\\/\\\/getleveraged.com\\\/fr\\\/turbo-trade-2\\\/#breadcrumb\"},\"inLanguage\":\"fr-FR\",\"potentialAction\":[{\"@type\":\"ReadAction\",\"target\":[\"https:\\\/\\\/getleveraged.com\\\/fr\\\/turbo-trade-2\\\/\"]}]},{\"@type\":\"BreadcrumbList\",\"@id\":\"https:\\\/\\\/getleveraged.com\\\/fr\\\/turbo-trade-2\\\/#breadcrumb\",\"itemListElement\":[{\"@type\":\"ListItem\",\"position\":1,\"name\":\"Home\",\"item\":\"https:\\\/\\\/getleveraged.com\\\/fr\\\/\"},{\"@type\":\"ListItem\",\"position\":2,\"name\":\"Turbo Trade\"}]},{\"@type\":\"WebSite\",\"@id\":\"https:\\\/\\\/getleveraged.com\\\/fr\\\/#website\",\"url\":\"https:\\\/\\\/getleveraged.com\\\/fr\\\/\",\"name\":\"Leveraged\",\"description\":\"Everyone&#039;s a Trader\",\"potentialAction\":[{\"@type\":\"SearchAction\",\"target\":{\"@type\":\"EntryPoint\",\"urlTemplate\":\"https:\\\/\\\/getleveraged.com\\\/fr\\\/?s={search_term_string}\"},\"query-input\":{\"@type\":\"PropertyValueSpecification\",\"valueRequired\":true,\"valueName\":\"search_term_string\"}}],\"inLanguage\":\"fr-FR\"}]}<\/script>\n<!-- \/ Yoast SEO plugin. -->","yoast_head_json":{"title":"Leveraged Turbo Trade %.","description":"Turbo Trade - Obtenez un compte de 100K$, payez seulement apr\u00e8s avoir pass\u00e9 l'\u00e9valuation et gagnez 80% de commission sur les profits g\u00e9n\u00e9r\u00e9s.","robots":{"index":"noindex","follow":"nofollow"},"og_locale":"fr_FR","og_type":"article","og_title":"Leveraged Turbo Trade %.","og_description":"Turbo Trade - Obtenez un compte de 100K$, payez seulement apr\u00e8s avoir pass\u00e9 l'\u00e9valuation et gagnez 80% de commission sur les profits g\u00e9n\u00e9r\u00e9s.","og_url":"https:\/\/getleveraged.com\/fr\/turbo-trade-2\/","og_site_name":"Leveraged","article_publisher":"https:\/\/facebook.com\/get_leveraged.financial","twitter_card":"summary_large_image","twitter_site":"@get_leveraged","schema":{"@context":"https:\/\/schema.org","@graph":[{"@type":"WebPage","@id":"https:\/\/getleveraged.com\/fr\/turbo-trade-2\/","url":"https:\/\/getleveraged.com\/fr\/turbo-trade-2\/","name":"Leveraged Turbo Trade %.","isPartOf":{"@id":"https:\/\/getleveraged.com\/fr\/#website"},"datePublished":"2025-12-10T01:30:22+00:00","description":"Turbo Trade - Obtenez un compte de 100K$, payez seulement apr\u00e8s avoir pass\u00e9 l'\u00e9valuation et gagnez 80% de commission sur les profits g\u00e9n\u00e9r\u00e9s.","breadcrumb":{"@id":"https:\/\/getleveraged.com\/fr\/turbo-trade-2\/#breadcrumb"},"inLanguage":"fr-FR","potentialAction":[{"@type":"ReadAction","target":["https:\/\/getleveraged.com\/fr\/turbo-trade-2\/"]}]},{"@type":"BreadcrumbList","@id":"https:\/\/getleveraged.com\/fr\/turbo-trade-2\/#breadcrumb","itemListElement":[{"@type":"ListItem","position":1,"name":"Home","item":"https:\/\/getleveraged.com\/fr\/"},{"@type":"ListItem","position":2,"name":"Turbo Trade"}]},{"@type":"WebSite","@id":"https:\/\/getleveraged.com\/fr\/#website","url":"https:\/\/getleveraged.com\/fr\/","name":"Leveraged","description":"Everyone&#039;s a Trader","potentialAction":[{"@type":"SearchAction","target":{"@type":"EntryPoint","urlTemplate":"https:\/\/getleveraged.com\/fr\/?s={search_term_string}"},"query-input":{"@type":"PropertyValueSpecification","valueRequired":true,"valueName":"search_term_string"}}],"inLanguage":"fr-FR"}]}},"post_meta":{"top_banner":{"top_of_the_banner_text_image":false,"lottie_json":false,"background_image":false,"title":"","subtitle":"","call_to_actions":false},"turbo_hero":{"subtitle-before":"Commencez d\u00e8s maintenant pour seulement","subtitle-price":"$8.88","subtitle-after":"payer le reste apr\u00e8s votre d\u00e9c\u00e8s","v2-description":"Pay after you pass, keep 80% of the rewards.","price-label":"Acc\u00e8s instantan\u00e9 :","how-it-works-title":"Comment cela fonctionne-t-il ?","hiw-step1-title":"\u00c9tape 1 : Commencez pour seulement $8.88","hiw-step1-text":"Obtenez un acc\u00e8s turbo \u00e0 votre \u00e9valuation pour seulement 8,88 $. Il n'est pas n\u00e9cessaire de payer l'int\u00e9gralit\u00e9 des frais de simulation tant que vous n'avez pas r\u00e9ussi. ","hiw-step2-title":"\u00c9tape 2 : Passez d'abord, payez ensuite","hiw-step2-text":"D\u00e9montrez vos comp\u00e9tences et passez l'\u00e9valuation. Vous ne paierez l'\u00e9valuation qu'apr\u00e8s l'avoir r\u00e9ussie. ","hiw-step3-title":"\u00c9tape 3 : Obtenir un financement jusqu'\u00e0 100 000 dollars","hiw-step3-text":"Gardez 80% des b\u00e9n\u00e9fices et soyez pay\u00e9 rapidement par l'un de nos partenaires de paiement : VISA, Mastercard, PayPal, Revolut et m\u00eame Crypto.","trusted-title":"La confiance des leaders mondiaux","button-text":"Obtenir un turbo","button-link":"https:\/\/checkout.getleveraged.com\/ref\/58\/?add-to-cart=859"},"turbo_stats":{"stat-1":"150+","stat-1-text":"Pays hors service","stat-2":"$1B","stat-2-text":"Volume d'\u00e9change mensuel","stat-3":"5,000+","stat-3-text":"Gestionnaires de portefeuille nouvellement nomm\u00e9s","stat-4":"24\/7","stat-4-text":"Assistance 24 heures sur 24, sans jours..."},"turbo_rules":{"rules-title":"R\u00e8gles du programme Turbo Trade","rules-subtitle":"Payez apr\u00e8s avoir r\u00e9ussi : Nous mettons vos comp\u00e9tences \u00e0 l'\u00e9preuve, pas votre compte en banque","card1-title":"Objectif de rentabilit\u00e9","card1-title-value":"6%","card1-title-text":"L'objectif d'obtenir un financement","card2-title":"Limite de perte quotidienne","card2-title-value":"3%","card2-title-text":"Une gestion claire des risques","card3-title":"Abattement maximal","card3-title-value":"6%","card3-title-text":"Discipline en mati\u00e8re de risques","card4-title":"R\u00e9partition des b\u00e9n\u00e9fices","card4-title-value":"80%","card4-title-text":"Votre commission","card5-title":"L'\u00e9valuation","card5-title-value":"1 \u00c9tape","card5-title-text":"Une \u00e9tape pour obtenir un financement","card6-title":"Pas de limite de temps","card6-title-value":0,"card6-title-text":"Faites du commerce \u00e0 votre rythme","button_text":"Obtenez Turbo pour $8.88","faq-button-text":"FAQ","faq-button-link":"https:\/\/faq.getleveraged.com\/fr\/collections\/14578122-programme-turbo"},"turbo_testimonials":{"title":"Les gestionnaires de portefeuille du monde entier lui font confiance"},"turbo_pricing":{"title":"Tarification de Turbo Trade","10k_label":"$10k","25k_label":"$25k","50k_label":"$50k","100k_label":"$100k","150k_label":"$150k","10k_display":"$10,000","25k_display":"$25,000","50k_display":"$50,000","100k_display":"$100,000","150k_display":"$150,000","10k_crossed_fee":"$76.12","25k_crossed_fee":"$180.12","50k_crossed_fee":"$340.12","100k_crossed_fee":"$540.12","150k_crossed_fee":"$816.12","10k_product_id":"36127","25k_product_id":"36128","50k_product_id":"36129","100k_product_id":"36130","150k_product_id":"36131","simulation_col_title":"Simulation","funded_col_title":"Financ\u00e9","row1_label":"Objectif de rentabilit\u00e9","row1_sim":"6%","row1_funded":"N\/A","row2_label":"Perte quotidienne","row2_sim":"3%","row2_funded":"3%","row3_label":"Perte maximale en cours de route","row3_sim":"6%","row3_funded":"6%","row4_label":"Jours de rentabilit\u00e9 minimum (0,5 %)","row4_sim":"N\/A","row4_funded":"3","row5_label":"Fractionnement du paiement","row5_sim":"N\/A","row5_funded":"80%","row6_label":"Score de coh\u00e9rence","row6_sim":"N\/A","row6_funded":"20%","row7_label":"Fr\u00e9quence de paiement","row7_sim":"N\/A","row7_funded":"14 jours","row8_label":"L'effet de levier","row8_sim":"1:30","row8_funded":"1:30","row9_label":"D\u00e9lai","row9_sim":"Illimit\u00e9","row9_funded":"Illimit\u00e9","info_title":"Turbo Trade","info_step_text":"1 \u00e9tape","info_description":"Le Programme Turbo est un d\u00e9fi \"Pay After You Pass\" (payez apr\u00e8s avoir r\u00e9ussi) con\u00e7u pour permettre aux traders de d\u00e9marrer sans risque. Vous ne payez qu'un petit montant de 8,88 $ pour couvrir les co\u00fbts de la plateforme. Lorsque vous atteignez les objectifs de trading et que vous r\u00e9ussissez le challenge, alors seulement vous payez les frais d'activation du programme. <a href=\"https:\/\/faq.getleveraged.com\/fr\/articles\/11982223-combien-dois-je-payer-et-quand\" target=\"_blank\" rel=\"noopener noreferrer\"><strong>payer les frais d'activation du programme<\/strong><\/a> pour d\u00e9bloquer votre compte.  ","evaluation_label":"Frais d'\u00e9valuation, pay\u00e9s apr\u00e8s la r\u00e9ussite","initial_fee":"$8.88","cta_text":"Obtenir un turbo","default_size_key":"100k"},"turbo_faq":{"title":"FAQ","question1":"Qu'est-ce que le d\u00e9fi LEVERAGED Turbo ?","question2":"En quoi cela diff\u00e8re-t-il des autres d\u00e9fis auxquels sont confront\u00e9es les soci\u00e9t\u00e9s d'assurance ?","question3":"Quels sont les r\u00e8gles et les objectifs du Turbo Challenge ?","question4":"Que se passe-t-il une fois que j'ai r\u00e9ussi le d\u00e9fi ?","question5":"Comment suis-je pay\u00e9 ?","answer1":"Le Turbo Challenge est une simulation de trading exclusive con\u00e7ue pour trouver des traders talentueux et disciplin\u00e9s. Contrairement aux d\u00e9fis traditionnels, notre mod\u00e8le unique \"payez apr\u00e8s avoir r\u00e9ussi\" signifie que vous ne payez que des frais initiaux peu \u00e9lev\u00e9s de 8,88 $ et que vous ne payez le reste qu'une fois que vous avez r\u00e9ussi l'\u00e9valuation. Cela \u00e9limine le risque financier et vous permet de vous concentrer uniquement sur vos performances.  ","answer2":"Notre principale diff\u00e9rence est notre mod\u00e8le de tarification. Nous croyons en vos capacit\u00e9s, c'est pourquoi nous ne vous facturons pas de frais initiaux \u00e9lev\u00e9s. Au lieu de cela, vous payez un petit montant pour commencer, et vous n'effectuez le paiement complet qu'une fois que vous avez prouv\u00e9 vos comp\u00e9tences en r\u00e9ussissant l'\u00e9valuation en une \u00e9tape. Ainsi, c'est votre talent qui prime, et non votre portefeuille.   ","answer3":"Les r\u00e8gles sont simples et con\u00e7ues pour un trading r\u00e9aliste. Vous vous efforcerez d'atteindre un objectif de profit de 6 % avec une limite de perte quotidienne stricte de 3 %. Il n'y a pas de limite de temps, vous pouvez donc trader \u00e0 votre propre rythme. Si vous atteignez l'objectif de profit sans d\u00e9passer la limite de perte, vous r\u00e9ussissez !   ","answer4":"Une fois l'\u00e9valuation r\u00e9ussie, vous serez invit\u00e9 \u00e0 payer le solde restant et des frais d'activation uniques. Ensuite, votre compte sera officiellement approvisionn\u00e9. Vous pourrez alors commencer \u00e0 trader avec notre capital et \u00e0 gagner de vrais b\u00e9n\u00e9fices, avec une g\u00e9n\u00e9reuse r\u00e9partition des b\u00e9n\u00e9fices de 80 % vers\u00e9e toutes les deux semaines.  ","answer5":"Nous rendons le processus de paiement aussi simple que possible. Une fois que vous avez g\u00e9n\u00e9r\u00e9 des profits sur votre compte approvisionn\u00e9, vous recevrez votre part par le biais d'un transfert s\u00e9curis\u00e9 sur votre compte bancaire. Nous effectuons les paiements toutes les deux semaines, afin que vous receviez vos gains rapidement et de mani\u00e8re fiable.  ","faq-button":"Obtenez Turbo pour $8.88","faq-button-link":"https:\/\/checkout.getleveraged.com\/ref\/58\/?add-to-cart=859"}},"_links":{"self":[{"href":"https:\/\/getleveraged.com\/fr\/wp-json\/wp\/v2\/pages\/5139","targetHints":{"allow":["GET"]}}],"collection":[{"href":"https:\/\/getleveraged.com\/fr\/wp-json\/wp\/v2\/pages"}],"about":[{"href":"https:\/\/getleveraged.com\/fr\/wp-json\/wp\/v2\/types\/page"}],"author":[{"embeddable":true,"href":"https:\/\/getleveraged.com\/fr\/wp-json\/wp\/v2\/users\/3244"}],"replies":[{"embeddable":true,"href":"https:\/\/getleveraged.com\/fr\/wp-json\/wp\/v2\/comments?post=5139"}],"version-history":[{"count":1,"href":"https:\/\/getleveraged.com\/fr\/wp-json\/wp\/v2\/pages\/5139\/revisions"}],"predecessor-version":[{"id":5148,"href":"https:\/\/getleveraged.com\/fr\/wp-json\/wp\/v2\/pages\/5139\/revisions\/5148"}],"wp:attachment":[{"href":"https:\/\/getleveraged.com\/fr\/wp-json\/wp\/v2\/media?parent=5139"}],"curies":[{"name":"wp","href":"https:\/\/api.w.org\/{rel}","templated":true}]}}