{"id":5142,"date":"2025-12-10T01:30:22","date_gmt":"2025-12-10T01:30:22","guid":{"rendered":"https:\/\/getleveraged.com\/?page_id=5142"},"modified":"2025-12-10T01:30:22","modified_gmt":"2025-12-10T01:30:22","slug":"comercio-turbo-2","status":"publish","type":"page","link":"https:\/\/getleveraged.com\/pt-br\/comercio-turbo-2\/","title":{"rendered":"Com\u00e9rcio turbo"},"content":{"rendered":"","protected":false},"excerpt":{"rendered":"","protected":false},"author":3244,"featured_media":0,"parent":0,"menu_order":0,"comment_status":"closed","ping_status":"closed","template":"page-turbo-trade-uk.php","meta":{"_acf_changed":false,"footnotes":""},"class_list":["post-5142","page","type-page","status-publish","hentry"],"acf":[],"yoast_head":"<!-- This site is optimized with the Yoast SEO plugin v27.3 - https:\/\/yoast.com\/product\/yoast-seo-wordpress\/ -->\n<title>Leveraged Com\u00e9rcio turbo<\/title>\n<meta name=\"description\" content=\"Turbo Trade - Obtenha uma conta financiada com US$ 100 mil, pague somente depois que voc\u00ea passar na avalia\u00e7\u00e3o e ganhe 80% de comiss\u00e3o sobre os lucros gerados\" \/>\n<meta name=\"robots\" content=\"noindex, nofollow\" \/>\n<meta property=\"og:locale\" content=\"pt_BR\" \/>\n<meta property=\"og:type\" content=\"article\" \/>\n<meta property=\"og:title\" content=\"Leveraged Com\u00e9rcio turbo\" \/>\n<meta property=\"og:description\" content=\"Turbo Trade - Obtenha uma conta financiada com US$ 100 mil, pague somente depois que voc\u00ea passar na avalia\u00e7\u00e3o e ganhe 80% de comiss\u00e3o sobre os lucros gerados\" \/>\n<meta property=\"og:url\" content=\"https:\/\/getleveraged.com\/pt-br\/comercio-turbo-2\/\" \/>\n<meta property=\"og:site_name\" content=\"Leveraged\" \/>\n<meta property=\"article:publisher\" content=\"https:\/\/facebook.com\/get_leveraged.financial\" \/>\n<meta name=\"twitter:card\" content=\"summary_large_image\" \/>\n<meta name=\"twitter:site\" content=\"@get_leveraged\" \/>\n<script type=\"application\/ld+json\" class=\"yoast-schema-graph\">{\"@context\":\"https:\\\/\\\/schema.org\",\"@graph\":[{\"@type\":\"WebPage\",\"@id\":\"https:\\\/\\\/getleveraged.com\\\/pt-br\\\/comercio-turbo-2\\\/\",\"url\":\"https:\\\/\\\/getleveraged.com\\\/pt-br\\\/comercio-turbo-2\\\/\",\"name\":\"Leveraged Com\u00e9rcio turbo\",\"isPartOf\":{\"@id\":\"https:\\\/\\\/getleveraged.com\\\/pt-br\\\/#website\"},\"datePublished\":\"2025-12-10T01:30:22+00:00\",\"description\":\"Turbo Trade - Obtenha uma conta financiada com US$ 100 mil, pague somente depois que voc\u00ea passar na avalia\u00e7\u00e3o e ganhe 80% de comiss\u00e3o sobre os lucros gerados\",\"breadcrumb\":{\"@id\":\"https:\\\/\\\/getleveraged.com\\\/pt-br\\\/comercio-turbo-2\\\/#breadcrumb\"},\"inLanguage\":\"pt-BR\",\"potentialAction\":[{\"@type\":\"ReadAction\",\"target\":[\"https:\\\/\\\/getleveraged.com\\\/pt-br\\\/comercio-turbo-2\\\/\"]}]},{\"@type\":\"BreadcrumbList\",\"@id\":\"https:\\\/\\\/getleveraged.com\\\/pt-br\\\/comercio-turbo-2\\\/#breadcrumb\",\"itemListElement\":[{\"@type\":\"ListItem\",\"position\":1,\"name\":\"Home\",\"item\":\"https:\\\/\\\/getleveraged.com\\\/pt-br\\\/\"},{\"@type\":\"ListItem\",\"position\":2,\"name\":\"Com\u00e9rcio turbo\"}]},{\"@type\":\"WebSite\",\"@id\":\"https:\\\/\\\/getleveraged.com\\\/pt-br\\\/#website\",\"url\":\"https:\\\/\\\/getleveraged.com\\\/pt-br\\\/\",\"name\":\"Leveraged\",\"description\":\"Everyone&#039;s a Trader\",\"potentialAction\":[{\"@type\":\"SearchAction\",\"target\":{\"@type\":\"EntryPoint\",\"urlTemplate\":\"https:\\\/\\\/getleveraged.com\\\/pt-br\\\/?s={search_term_string}\"},\"query-input\":{\"@type\":\"PropertyValueSpecification\",\"valueRequired\":true,\"valueName\":\"search_term_string\"}}],\"inLanguage\":\"pt-BR\"}]}<\/script>\n<!-- \/ Yoast SEO plugin. -->","yoast_head_json":{"title":"Leveraged Com\u00e9rcio turbo","description":"Turbo Trade - Obtenha uma conta financiada com US$ 100 mil, pague somente depois que voc\u00ea passar na avalia\u00e7\u00e3o e ganhe 80% de comiss\u00e3o sobre os lucros gerados","robots":{"index":"noindex","follow":"nofollow"},"og_locale":"pt_BR","og_type":"article","og_title":"Leveraged Com\u00e9rcio turbo","og_description":"Turbo Trade - Obtenha uma conta financiada com US$ 100 mil, pague somente depois que voc\u00ea passar na avalia\u00e7\u00e3o e ganhe 80% de comiss\u00e3o sobre os lucros gerados","og_url":"https:\/\/getleveraged.com\/pt-br\/comercio-turbo-2\/","og_site_name":"Leveraged","article_publisher":"https:\/\/facebook.com\/get_leveraged.financial","twitter_card":"summary_large_image","twitter_site":"@get_leveraged","schema":{"@context":"https:\/\/schema.org","@graph":[{"@type":"WebPage","@id":"https:\/\/getleveraged.com\/pt-br\/comercio-turbo-2\/","url":"https:\/\/getleveraged.com\/pt-br\/comercio-turbo-2\/","name":"Leveraged Com\u00e9rcio turbo","isPartOf":{"@id":"https:\/\/getleveraged.com\/pt-br\/#website"},"datePublished":"2025-12-10T01:30:22+00:00","description":"Turbo Trade - Obtenha uma conta financiada com US$ 100 mil, pague somente depois que voc\u00ea passar na avalia\u00e7\u00e3o e ganhe 80% de comiss\u00e3o sobre os lucros gerados","breadcrumb":{"@id":"https:\/\/getleveraged.com\/pt-br\/comercio-turbo-2\/#breadcrumb"},"inLanguage":"pt-BR","potentialAction":[{"@type":"ReadAction","target":["https:\/\/getleveraged.com\/pt-br\/comercio-turbo-2\/"]}]},{"@type":"BreadcrumbList","@id":"https:\/\/getleveraged.com\/pt-br\/comercio-turbo-2\/#breadcrumb","itemListElement":[{"@type":"ListItem","position":1,"name":"Home","item":"https:\/\/getleveraged.com\/pt-br\/"},{"@type":"ListItem","position":2,"name":"Com\u00e9rcio turbo"}]},{"@type":"WebSite","@id":"https:\/\/getleveraged.com\/pt-br\/#website","url":"https:\/\/getleveraged.com\/pt-br\/","name":"Leveraged","description":"Everyone&#039;s a Trader","potentialAction":[{"@type":"SearchAction","target":{"@type":"EntryPoint","urlTemplate":"https:\/\/getleveraged.com\/pt-br\/?s={search_term_string}"},"query-input":{"@type":"PropertyValueSpecification","valueRequired":true,"valueName":"search_term_string"}}],"inLanguage":"pt-BR"}]}},"post_meta":{"top_banner":{"top_of_the_banner_text_image":false,"lottie_json":false,"background_image":false,"title":"","subtitle":"","call_to_actions":false},"turbo_hero":{"subtitle-before":"Comece agora por apenas","subtitle-price":"$8.88","subtitle-after":"pagar o restante depois que voc\u00ea for aprovado","v2-description":"Pay after you pass, keep 80% of the rewards.","price-label":"Acesso instant\u00e2neo:","how-it-works-title":"Como funciona","hiw-step1-title":"Etapa 1: Comece por apenas US$ 8,88","hiw-step1-text":"Obtenha acesso turbo \u00e0 sua avalia\u00e7\u00e3o por apenas US$ 8,88. N\u00e3o h\u00e1 necessidade de pagar a taxa total da simula\u00e7\u00e3o at\u00e9 que voc\u00ea seja aprovado. ","hiw-step2-title":"Etapa 2: Passe primeiro, pague depois","hiw-step2-text":"Demonstre suas habilidades e seja aprovado na avalia\u00e7\u00e3o. Voc\u00ea s\u00f3 pagar\u00e1 pela avalia\u00e7\u00e3o depois de ser aprovado. ","hiw-step3-title":"Etapa 3: Obtenha financiamento de at\u00e9 US$ 100 mil","hiw-step3-text":"Voc\u00ea fica com 80% dos lucros e \u00e9 pago rapidamente por um de nossos parceiros de pagamento: VISA, Mastercard, PayPal, Revolut e at\u00e9 mesmo criptografia.","trusted-title":"Com a confian\u00e7a dos l\u00edderes mundiais","button-text":"Obter Turbo","button-link":"https:\/\/checkout.getleveraged.com\/ref\/58\/?add-to-cart=859"},"turbo_stats":{"stat-1":"150+","stat-1-text":"Pa\u00edses que atendem ao exterior","stat-2":"$1B","stat-2-text":"Volume mensal de negocia\u00e7\u00e3o","stat-3":"5,000+","stat-3-text":"Gerentes de portf\u00f3lio rec\u00e9m-formados","stat-4":"24\/7","stat-4-text":"Suporte 24 horas por dia, sem dias..."},"turbo_rules":{"rules-title":"Regras do programa Turbo Trade","rules-subtitle":"Pague depois que voc\u00ea passar: Colocamos suas habilidades \u00e0 prova, n\u00e3o sua conta banc\u00e1ria","card1-title":"Meta de lucro","card1-title-value":"6%","card1-title-text":"A meta para obter financiamento","card2-title":"Limite di\u00e1rio de perdas","card2-title-value":"3%","card2-title-text":"Gerenciamento claro de riscos","card3-title":"Rebaixamento m\u00e1ximo","card3-title-value":"6%","card3-title-text":"Disciplina de risco","card4-title":"Divis\u00e3o de lucros","card4-title-value":"80%","card4-title-text":"Sua comiss\u00e3o","card5-title":"Avalia\u00e7\u00e3o","card5-title-value":"1 Etapa","card5-title-text":"Uma etapa para obter financiamento","card6-title":"Sem limite de tempo","card6-title-value":0,"card6-title-text":"Negocie no seu ritmo","button_text":"Compre o Turbo por US$ 8,88","faq-button-text":"PERGUNTAS FREQUENTES","faq-button-link":"https:\/\/faq.getleveraged.com\/en\/collections\/14578122-turbo-program"},"turbo_testimonials":{"title":"Confiado por gerentes de portf\u00f3lio em todo o mundo"},"turbo_pricing":{"title":"Pre\u00e7os de com\u00e9rcio turbo","10k_label":"$10k","25k_label":"$25k","50k_label":"$50k","100k_label":"$100k","150k_label":"$150k","10k_display":"$10,000","25k_display":"$25,000","50k_display":"$50,000","100k_display":"$100,000","150k_display":"$150,000","10k_crossed_fee":"$76.12","25k_crossed_fee":"$180.12","50k_crossed_fee":"$340.12","100k_crossed_fee":"$540.12","150k_crossed_fee":"$816.12","10k_product_id":"36127","25k_product_id":"36128","50k_product_id":"36129","100k_product_id":"36130","150k_product_id":"36131","simulation_col_title":"Simula\u00e7\u00e3o","funded_col_title":"Financiado","row1_label":"Meta de lucro","row1_sim":"6%","row1_funded":"N\/A","row2_label":"Perda di\u00e1ria","row2_sim":"3%","row2_funded":"3%","row3_label":"Perda m\u00e1xima no final","row3_sim":"6%","row3_funded":"6%","row4_label":"M\u00ednimo de dias lucrativos (0,5%)","row4_sim":"N\/A","row4_funded":"3","row5_label":"Divis\u00e3o de pagamento","row5_sim":"N\/A","row5_funded":"80%","row6_label":"Pontua\u00e7\u00e3o de consist\u00eancia","row6_sim":"N\/A","row6_funded":"20%","row7_label":"Frequ\u00eancia de pagamento","row7_sim":"N\/A","row7_funded":"14 dias","row8_label":"Alavancagem","row8_sim":"1:30","row8_funded":"1:30","row9_label":"Limite de tempo","row9_sim":"Ilimitado","row9_funded":"Ilimitado","info_title":"Com\u00e9rcio turbo","info_step_text":"1 etapa","info_description":"O Programa Turbo \u00e9 um desafio \"Pay After You Pass\" (Pague depois de passar) criado para oferecer aos traders um in\u00edcio sem riscos. Voc\u00ea paga apenas uma pequena taxa de US$ 8,88 para cobrir os custos da plataforma. Quando voc\u00ea atingir os objetivos de negocia\u00e7\u00e3o e passar no desafio, somente ent\u00e3o voc\u00ea <a href=\"https:\/\/faq.getleveraged.com\/en\/articles\/11982223-how-much-do-i-pay-and-when\" target=\"_blank\" rel=\"noopener noreferrer\"><strong>voc\u00ea pagar\u00e1 a taxa de ativa\u00e7\u00e3o do programa<\/strong><\/a> para desbloquear sua conta financiada.  ","evaluation_label":"Taxa de avalia\u00e7\u00e3o, paga ap\u00f3s a aprova\u00e7\u00e3o","initial_fee":"$8.88","cta_text":"Obter Turbo","default_size_key":"100k"},"turbo_faq":{"title":"PERGUNTAS FREQUENTES","question1":"O que \u00e9 o Desafio Turbo LEVERAGED?","question2":"Em que isso difere de outros desafios das firmas de advocacia?","question3":"Quais s\u00e3o as regras e os objetivos do Turbo Challenge?","question4":"O que acontece depois que eu passar no desafio?","question5":"Como fa\u00e7o para receber o pagamento?","answer1":"O Turbo Challenge \u00e9 uma simula\u00e7\u00e3o de negocia\u00e7\u00e3o exclusiva criada para encontrar traders talentosos e disciplinados. Diferentemente dos desafios tradicionais, nosso modelo exclusivo de \"pagar depois de passar\" significa que voc\u00ea paga apenas uma taxa inicial baixa de US$ 8,88 e s\u00f3 paga o restante depois de concluir a avalia\u00e7\u00e3o com sucesso. Isso elimina o risco financeiro e permite que voc\u00ea se concentre apenas no seu desempenho.  ","answer2":"Nossa principal diferen\u00e7a \u00e9 nosso modelo de pre\u00e7os. Acreditamos na sua capacidade, por isso n\u00e3o cobramos de voc\u00ea uma taxa inicial alta. Em vez disso, voc\u00ea paga uma pequena quantia para come\u00e7ar e s\u00f3 conclui o pagamento total depois de comprovar suas habilidades ao passar na avalia\u00e7\u00e3o de uma etapa. Isso coloca seu talento em primeiro lugar, n\u00e3o sua carteira.   ","answer3":"As regras s\u00e3o simples e projetadas para negocia\u00e7\u00f5es realistas. Voc\u00ea trabalhar\u00e1 para atingir uma meta de lucro de 6% com um limite estrito de perda di\u00e1ria de 3%. N\u00e3o h\u00e1 limites de tempo, portanto, voc\u00ea pode negociar no seu pr\u00f3prio ritmo. Quando atingir a meta de lucro sem exceder o limite de perdas, voc\u00ea ser\u00e1 aprovado!   ","answer4":"Depois de passar na avalia\u00e7\u00e3o, voc\u00ea ser\u00e1 solicitado a pagar o saldo restante e uma taxa \u00fanica de ativa\u00e7\u00e3o. Depois disso, voc\u00ea receber\u00e1 fundos oficialmente em sua conta. Voc\u00ea poder\u00e1 ent\u00e3o come\u00e7ar a negociar com nosso capital e come\u00e7ar a obter lucros reais, com uma generosa divis\u00e3o de lucros de 80% paga quinzenalmente.  ","answer5":"Fazemos com que o processo de pagamento seja o mais simples poss\u00edvel. Depois de gerar lucros em sua conta financiada, voc\u00ea receber\u00e1 sua parte por meio de uma transfer\u00eancia segura para sua conta banc\u00e1ria. Processamos os pagamentos a cada duas semanas, para que voc\u00ea receba seus ganhos de forma r\u00e1pida e confi\u00e1vel.  ","faq-button":"Compre o Turbo por US$ 8,88","faq-button-link":"https:\/\/checkout.getleveraged.com\/ref\/58\/?add-to-cart=859"}},"_links":{"self":[{"href":"https:\/\/getleveraged.com\/pt-br\/wp-json\/wp\/v2\/pages\/5142","targetHints":{"allow":["GET"]}}],"collection":[{"href":"https:\/\/getleveraged.com\/pt-br\/wp-json\/wp\/v2\/pages"}],"about":[{"href":"https:\/\/getleveraged.com\/pt-br\/wp-json\/wp\/v2\/types\/page"}],"author":[{"embeddable":true,"href":"https:\/\/getleveraged.com\/pt-br\/wp-json\/wp\/v2\/users\/3244"}],"replies":[{"embeddable":true,"href":"https:\/\/getleveraged.com\/pt-br\/wp-json\/wp\/v2\/comments?post=5142"}],"version-history":[{"count":1,"href":"https:\/\/getleveraged.com\/pt-br\/wp-json\/wp\/v2\/pages\/5142\/revisions"}],"predecessor-version":[{"id":5151,"href":"https:\/\/getleveraged.com\/pt-br\/wp-json\/wp\/v2\/pages\/5142\/revisions\/5151"}],"wp:attachment":[{"href":"https:\/\/getleveraged.com\/pt-br\/wp-json\/wp\/v2\/media?parent=5142"}],"curies":[{"name":"wp","href":"https:\/\/api.w.org\/{rel}","templated":true}]}}