{"id":5143,"date":"2025-12-10T01:30:22","date_gmt":"2025-12-10T01:30:22","guid":{"rendered":"https:\/\/getleveraged.com\/?page_id=5143"},"modified":"2025-12-10T01:30:22","modified_gmt":"2025-12-10T01:30:22","slug":"turbo-ticaret-2","status":"publish","type":"page","link":"https:\/\/getleveraged.com\/tr\/turbo-ticaret-2\/","title":{"rendered":"Turbo Ticaret"},"content":{"rendered":"","protected":false},"excerpt":{"rendered":"","protected":false},"author":3244,"featured_media":0,"parent":0,"menu_order":0,"comment_status":"closed","ping_status":"closed","template":"page-turbo-trade-uk.php","meta":{"_acf_changed":false,"footnotes":""},"class_list":["post-5143","page","type-page","status-publish","hentry"],"acf":[],"yoast_head":"<!-- This site is optimized with the Yoast SEO plugin v27.3 - https:\/\/yoast.com\/product\/yoast-seo-wordpress\/ -->\n<title>Leveraged Turbo Ticaret<\/title>\n<meta name=\"description\" content=\"Turbo Ticaret - 100 bin dolarl\u0131k bir hesap a\u00e7\u0131n, yaln\u0131zca de\u011ferlendirmeyi ge\u00e7tikten sonra \u00f6deme yap\u0131n ve elde etti\u011finiz k\u00e2r \u00fczerinden komisyon kazan\u0131n\" \/>\n<meta name=\"robots\" content=\"noindex, nofollow\" \/>\n<meta property=\"og:locale\" content=\"tr_TR\" \/>\n<meta property=\"og:type\" content=\"article\" \/>\n<meta property=\"og:title\" content=\"Leveraged Turbo Ticaret\" \/>\n<meta property=\"og:description\" content=\"Turbo Ticaret - 100 bin dolarl\u0131k bir hesap a\u00e7\u0131n, yaln\u0131zca de\u011ferlendirmeyi ge\u00e7tikten sonra \u00f6deme yap\u0131n ve elde etti\u011finiz k\u00e2r \u00fczerinden komisyon kazan\u0131n\" \/>\n<meta property=\"og:url\" content=\"https:\/\/getleveraged.com\/tr\/turbo-ticaret-2\/\" \/>\n<meta property=\"og:site_name\" content=\"Leveraged\" \/>\n<meta property=\"article:publisher\" content=\"https:\/\/facebook.com\/get_leveraged.financial\" \/>\n<meta name=\"twitter:card\" content=\"summary_large_image\" \/>\n<meta name=\"twitter:site\" content=\"@get_leveraged\" \/>\n<script type=\"application\/ld+json\" class=\"yoast-schema-graph\">{\"@context\":\"https:\\\/\\\/schema.org\",\"@graph\":[{\"@type\":\"WebPage\",\"@id\":\"https:\\\/\\\/getleveraged.com\\\/tr\\\/turbo-ticaret-2\\\/\",\"url\":\"https:\\\/\\\/getleveraged.com\\\/tr\\\/turbo-ticaret-2\\\/\",\"name\":\"Leveraged Turbo Ticaret\",\"isPartOf\":{\"@id\":\"https:\\\/\\\/getleveraged.com\\\/tr\\\/#website\"},\"datePublished\":\"2025-12-10T01:30:22+00:00\",\"description\":\"Turbo Ticaret - 100 bin dolarl\u0131k bir hesap a\u00e7\u0131n, yaln\u0131zca de\u011ferlendirmeyi ge\u00e7tikten sonra \u00f6deme yap\u0131n ve elde etti\u011finiz k\u00e2r \u00fczerinden komisyon kazan\u0131n\",\"breadcrumb\":{\"@id\":\"https:\\\/\\\/getleveraged.com\\\/tr\\\/turbo-ticaret-2\\\/#breadcrumb\"},\"inLanguage\":\"tr\",\"potentialAction\":[{\"@type\":\"ReadAction\",\"target\":[\"https:\\\/\\\/getleveraged.com\\\/tr\\\/turbo-ticaret-2\\\/\"]}]},{\"@type\":\"BreadcrumbList\",\"@id\":\"https:\\\/\\\/getleveraged.com\\\/tr\\\/turbo-ticaret-2\\\/#breadcrumb\",\"itemListElement\":[{\"@type\":\"ListItem\",\"position\":1,\"name\":\"Home\",\"item\":\"https:\\\/\\\/getleveraged.com\\\/tr\\\/\"},{\"@type\":\"ListItem\",\"position\":2,\"name\":\"Turbo Ticaret\"}]},{\"@type\":\"WebSite\",\"@id\":\"https:\\\/\\\/getleveraged.com\\\/tr\\\/#website\",\"url\":\"https:\\\/\\\/getleveraged.com\\\/tr\\\/\",\"name\":\"Leveraged\",\"description\":\"Everyone&#039;s a Trader\",\"potentialAction\":[{\"@type\":\"SearchAction\",\"target\":{\"@type\":\"EntryPoint\",\"urlTemplate\":\"https:\\\/\\\/getleveraged.com\\\/tr\\\/?s={search_term_string}\"},\"query-input\":{\"@type\":\"PropertyValueSpecification\",\"valueRequired\":true,\"valueName\":\"search_term_string\"}}],\"inLanguage\":\"tr\"}]}<\/script>\n<!-- \/ Yoast SEO plugin. -->","yoast_head_json":{"title":"Leveraged Turbo Ticaret","description":"Turbo Ticaret - 100 bin dolarl\u0131k bir hesap a\u00e7\u0131n, yaln\u0131zca de\u011ferlendirmeyi ge\u00e7tikten sonra \u00f6deme yap\u0131n ve elde etti\u011finiz k\u00e2r \u00fczerinden komisyon kazan\u0131n","robots":{"index":"noindex","follow":"nofollow"},"og_locale":"tr_TR","og_type":"article","og_title":"Leveraged Turbo Ticaret","og_description":"Turbo Ticaret - 100 bin dolarl\u0131k bir hesap a\u00e7\u0131n, yaln\u0131zca de\u011ferlendirmeyi ge\u00e7tikten sonra \u00f6deme yap\u0131n ve elde etti\u011finiz k\u00e2r \u00fczerinden komisyon kazan\u0131n","og_url":"https:\/\/getleveraged.com\/tr\/turbo-ticaret-2\/","og_site_name":"Leveraged","article_publisher":"https:\/\/facebook.com\/get_leveraged.financial","twitter_card":"summary_large_image","twitter_site":"@get_leveraged","schema":{"@context":"https:\/\/schema.org","@graph":[{"@type":"WebPage","@id":"https:\/\/getleveraged.com\/tr\/turbo-ticaret-2\/","url":"https:\/\/getleveraged.com\/tr\/turbo-ticaret-2\/","name":"Leveraged Turbo Ticaret","isPartOf":{"@id":"https:\/\/getleveraged.com\/tr\/#website"},"datePublished":"2025-12-10T01:30:22+00:00","description":"Turbo Ticaret - 100 bin dolarl\u0131k bir hesap a\u00e7\u0131n, yaln\u0131zca de\u011ferlendirmeyi ge\u00e7tikten sonra \u00f6deme yap\u0131n ve elde etti\u011finiz k\u00e2r \u00fczerinden komisyon kazan\u0131n","breadcrumb":{"@id":"https:\/\/getleveraged.com\/tr\/turbo-ticaret-2\/#breadcrumb"},"inLanguage":"tr","potentialAction":[{"@type":"ReadAction","target":["https:\/\/getleveraged.com\/tr\/turbo-ticaret-2\/"]}]},{"@type":"BreadcrumbList","@id":"https:\/\/getleveraged.com\/tr\/turbo-ticaret-2\/#breadcrumb","itemListElement":[{"@type":"ListItem","position":1,"name":"Home","item":"https:\/\/getleveraged.com\/tr\/"},{"@type":"ListItem","position":2,"name":"Turbo Ticaret"}]},{"@type":"WebSite","@id":"https:\/\/getleveraged.com\/tr\/#website","url":"https:\/\/getleveraged.com\/tr\/","name":"Leveraged","description":"Everyone&#039;s a Trader","potentialAction":[{"@type":"SearchAction","target":{"@type":"EntryPoint","urlTemplate":"https:\/\/getleveraged.com\/tr\/?s={search_term_string}"},"query-input":{"@type":"PropertyValueSpecification","valueRequired":true,"valueName":"search_term_string"}}],"inLanguage":"tr"}]}},"post_meta":{"top_banner":{"top_of_the_banner_text_image":false,"lottie_json":false,"background_image":false,"title":"","subtitle":"","call_to_actions":false},"turbo_hero":{"subtitle-before":"Sadece \u015fimdi ba\u015flay\u0131n","subtitle-price":"$8.88","subtitle-after":"geri kalan\u0131n\u0131 ge\u00e7tikten sonra \u00f6deyin","v2-description":"Pay after you pass, keep 80% of the rewards.","price-label":"An\u0131nda Eri\u015fim:","how-it-works-title":"Nas\u0131l \u00e7al\u0131\u015f\u0131r","hiw-step1-title":"Ad\u0131m 1: Sadece 8,88 $'a ba\u015flay\u0131n","hiw-step1-text":"De\u011ferlendirmenize yaln\u0131zca 8,88 $ kar\u015f\u0131l\u0131\u011f\u0131nda turbo eri\u015fim elde edin. Ge\u00e7ene kadar sim\u00fclasyon \u00fccretinin tamam\u0131n\u0131 \u00f6demenize gerek yok. ","hiw-step2-title":"Ad\u0131m 2: \u00d6nce Ge\u00e7, Sonra \u00d6de","hiw-step2-text":"Becerilerinizi g\u00f6sterin ve de\u011ferlendirmeyi ge\u00e7in. De\u011ferlendirme i\u00e7in yaln\u0131zca ba\u015far\u0131l\u0131 bir \u015fekilde ge\u00e7tikten sonra \u00f6deme yapacaks\u0131n\u0131z. ","hiw-step3-title":"3. Ad\u0131m: 100 Bin Dolara Kadar Fon Al\u0131n","hiw-step3-text":"K\u00e2r\u0131n %80'i sizde kals\u0131n ve \u00f6deme ortaklar\u0131m\u0131zdan biri taraf\u0131ndan h\u0131zl\u0131 bir \u015fekilde \u00f6deme al\u0131n: VISA, Mastercard, PayPal, Revolut ve hatta Crypto.","trusted-title":"D\u00fcnya Liderlerinin G\u00fcvendi\u011fi","button-text":"Turbo al\u0131n","button-link":"https:\/\/checkout.getleveraged.com\/ref\/58\/?add-to-cart=859"},"turbo_stats":{"stat-1":"150+","stat-1-text":"D\u0131\u015far\u0131da Hizmet Veren \u00dclkeler","stat-2":"$1B","stat-2-text":"Ayl\u0131k \u0130\u015flem Hacmi","stat-3":"5,000+","stat-3-text":"Yeni Atanan Portf\u00f6y Y\u00f6neticileri","stat-4":"24\/7","stat-4-text":"G\u00fcnler olmadan, g\u00fcn\u00fcn her saati destek..."},"turbo_rules":{"rules-title":"Turbo Ticaret Program\u0131 Kurallar\u0131","rules-subtitle":"Ge\u00e7tikten Sonra \u00d6de: Banka Hesab\u0131n\u0131z\u0131 De\u011fil, Becerilerinizi Test Ediyoruz","card1-title":"K\u00e2r Hedefi","card1-title-value":"6%","card1-title-text":"Finansman Sa\u011flama Hedefi","card2-title":"G\u00fcnl\u00fck Kay\u0131p Limiti","card2-title-value":"3%","card2-title-text":"Net risk y\u00f6netimi","card3-title":"Maksimum D\u00fc\u015f\u00fc\u015f","card3-title-value":"6%","card3-title-text":"Risk disiplini","card4-title":"K\u00e2r B\u00f6l\u00fc\u015f\u00fcm\u00fc","card4-title-value":"80%","card4-title-text":"Komisyonunuz","card5-title":"De\u011ferlendirme","card5-title-value":"1 Ad\u0131m","card5-title-text":"Finansman Almak \u0130\u00e7in Bir Ad\u0131m","card6-title":"Zaman S\u0131n\u0131r\u0131 Yok","card6-title-value":0,"card6-title-text":"Kendi h\u0131z\u0131n\u0131zda ticaret yap\u0131n","button_text":"Turbo'yu 8,88 Dolara Al\u0131n","faq-button-text":"SSS","faq-button-link":"https:\/\/faq.getleveraged.com\/tr\/collections\/14578122-turbo-programi"},"turbo_testimonials":{"title":"D\u00fcnyan\u0131n d\u00f6rt bir yan\u0131ndaki Portf\u00f6y Y\u00f6neticilerinin g\u00fcvendi\u011fi"},"turbo_pricing":{"title":"Turbo Ticaret Fiyatland\u0131rmas\u0131","10k_label":"$10k","25k_label":"$25k","50k_label":"$50k","100k_label":"$100k","150k_label":"$150k","10k_display":"$10,000","25k_display":"$25,000","50k_display":"$50,000","100k_display":"$100,000","150k_display":"$150,000","10k_crossed_fee":"$76.12","25k_crossed_fee":"$180.12","50k_crossed_fee":"$340.12","100k_crossed_fee":"$540.12","150k_crossed_fee":"$816.12","10k_product_id":"36127","25k_product_id":"36128","50k_product_id":"36129","100k_product_id":"36130","150k_product_id":"36131","simulation_col_title":"Sim\u00fclasyon","funded_col_title":"Finanse Edildi","row1_label":"K\u00e2r Hedefi","row1_sim":"6%","row1_funded":"N\/A","row2_label":"G\u00fcnl\u00fck Kay\u0131p","row2_sim":"3%","row2_funded":"3%","row3_label":"Maksimum Takip Kayb\u0131","row3_sim":"6%","row3_funded":"6%","row4_label":"Minimum Karl\u0131 G\u00fcnler (%0,5)","row4_sim":"N\/A","row4_funded":"3","row5_label":"\u00d6deme B\u00f6l\u00fcnmesi","row5_sim":"N\/A","row5_funded":"80%","row6_label":"Tutarl\u0131l\u0131k Puan\u0131","row6_sim":"N\/A","row6_funded":"20%","row7_label":"\u00d6deme S\u0131kl\u0131\u011f\u0131","row7_sim":"N\/A","row7_funded":"14 g\u00fcn","row8_label":"Kald\u0131ra\u00e7","row8_sim":"1:30","row8_funded":"1:30","row9_label":"Zaman S\u0131n\u0131r\u0131","row9_sim":"S\u0131n\u0131rs\u0131z","row9_funded":"S\u0131n\u0131rs\u0131z","info_title":"Turbo Ticaret","info_step_text":"1 Ad\u0131m","info_description":"Turbo Program\u0131, yat\u0131r\u0131mc\u0131lara risksiz bir ba\u015flang\u0131\u00e7 sa\u011flamak i\u00e7in tasarlanm\u0131\u015f bir Ge\u00e7tikten Sonra \u00d6de m\u00fccadelesidir. Platform maliyetlerini kar\u015f\u0131lamak i\u00e7in yaln\u0131zca 8,88 $ gibi k\u00fc\u00e7\u00fck bir \u00fccret \u00f6dersiniz. Ticaret hedeflerine ula\u015ft\u0131\u011f\u0131n\u0131zda ve m\u00fccadeleyi ge\u00e7ti\u011finizde, ancak o zaman <a href=\"https:\/\/faq.getleveraged.com\/tr\/articles\/11982223-ne-kadar-odeyecegim-ve-ne-zaman-odeyecegim\" target=\"_blank\" rel=\"noopener noreferrer\"><strong>program aktivasyon \u00fccretini \u00f6deyin<\/strong><\/a> fonlanan hesab\u0131n\u0131z\u0131n kilidini a\u00e7mak i\u00e7in.  ","evaluation_label":"De\u011ferlendirme \u00dccreti, Ge\u00e7tikten Sonra \u00d6denir","initial_fee":"$8.88","cta_text":"Turbo al\u0131n","default_size_key":"100k"},"turbo_faq":{"title":"SSS","question1":"LEVERAGED Turbo Challenge nedir?","question2":"Bunun di\u011fer prop firmas\u0131 zorluklar\u0131ndan fark\u0131 nedir?","question3":"Turbo Challenge'\u0131n kurallar\u0131 ve hedefleri nelerdir?","question4":"Yar\u0131\u015fmay\u0131 ge\u00e7tikten sonra ne olacak?","question5":"Nas\u0131l \u00f6deme alaca\u011f\u0131m?","answer1":"Turbo Challenge, yetenekli ve disiplinli yat\u0131r\u0131mc\u0131lar\u0131 bulmak i\u00e7in tasarlanm\u0131\u015f \u00f6zel bir ticaret sim\u00fclasyonudur. Geleneksel meydan okumalardan farkl\u0131 olarak, benzersiz \"ge\u00e7tikten sonra \u00f6de\" modelimiz, yaln\u0131zca 8,88 $ gibi d\u00fc\u015f\u00fck bir ba\u015flang\u0131\u00e7 \u00fccreti \u00f6demeniz ve geri kalan\u0131n\u0131 yaln\u0131zca de\u011ferlendirmeyi ba\u015far\u0131yla tamamlad\u0131\u011f\u0131n\u0131zda \u00f6demeniz anlam\u0131na gelir. Bu, finansal riski ortadan kald\u0131r\u0131r ve tamamen performans\u0131n\u0131za odaklanman\u0131z\u0131 sa\u011flar.  ","answer2":"Bizim temel fark\u0131m\u0131z fiyatland\u0131rma modelimizdir. Yetene\u011finize inan\u0131yoruz, bu nedenle sizden y\u00fcksek bir \u00f6n \u00fccret talep etmiyoruz. Bunun yerine, ba\u015flamak i\u00e7in k\u00fc\u00e7\u00fck bir miktar \u00f6d\u00fcyorsunuz ve tam \u00f6demeyi ancak tek a\u015famal\u0131 de\u011ferlendirmeyi ge\u00e7erek becerilerinizi kan\u0131tlad\u0131ktan sonra tamaml\u0131yorsunuz. Bu, c\u00fczdan\u0131n\u0131z\u0131 de\u011fil yetene\u011finizi \u00f6n plana \u00e7\u0131kar\u0131r.   ","answer3":"Kurallar basittir ve ger\u00e7ek\u00e7i ticaret i\u00e7in tasarlanm\u0131\u015ft\u0131r. G\u00fcnl\u00fck %3'l\u00fck kat\u0131 bir zarar limitiyle %6'l\u0131k bir k\u00e2r hedefine do\u011fru \u00e7al\u0131\u015facaks\u0131n\u0131z. Zaman s\u0131n\u0131rlamas\u0131 yoktur, b\u00f6ylece kendi h\u0131z\u0131n\u0131zda i\u015flem yapabilirsiniz. Kay\u0131p limitini a\u015fmadan k\u00e2r hedefine ula\u015ft\u0131\u011f\u0131n\u0131zda, ge\u00e7ersiniz!   ","answer4":"De\u011ferlendirmeyi ge\u00e7ti\u011finizde, kalan bakiyeyi ve bir kerelik aktivasyon \u00fccretini \u00f6demeniz istenecektir. Bundan sonra, hesab\u0131n\u0131za resmi olarak para yat\u0131raca\u011f\u0131z. Daha sonra sermayemizle i\u015flem yapmaya ba\u015flayabilir ve iki haftada bir \u00f6denen c\u00f6mert bir% 80 kar pay\u0131 ile ger\u00e7ek karlar kazanmaya ba\u015flayabilirsiniz.  ","answer5":"\u00d6deme s\u00fcrecini m\u00fcmk\u00fcn oldu\u011funca basit hale getiriyoruz. Fonlanan hesab\u0131n\u0131zda k\u00e2r elde ettikten sonra, pay\u0131n\u0131z\u0131 banka hesab\u0131n\u0131za g\u00fcvenli bir transfer yoluyla alacaks\u0131n\u0131z. \u00d6demeleri iki haftada bir ger\u00e7ekle\u015ftiriyoruz, b\u00f6ylece kazanc\u0131n\u0131z\u0131 h\u0131zl\u0131 ve g\u00fcvenilir bir \u015fekilde al\u0131yorsunuz.  ","faq-button":"Turbo'yu 8,88 Dolara Al\u0131n","faq-button-link":"https:\/\/checkout.getleveraged.com\/ref\/58\/?add-to-cart=859&plan_name=Turbo#billing"}},"_links":{"self":[{"href":"https:\/\/getleveraged.com\/tr\/wp-json\/wp\/v2\/pages\/5143","targetHints":{"allow":["GET"]}}],"collection":[{"href":"https:\/\/getleveraged.com\/tr\/wp-json\/wp\/v2\/pages"}],"about":[{"href":"https:\/\/getleveraged.com\/tr\/wp-json\/wp\/v2\/types\/page"}],"author":[{"embeddable":true,"href":"https:\/\/getleveraged.com\/tr\/wp-json\/wp\/v2\/users\/3244"}],"replies":[{"embeddable":true,"href":"https:\/\/getleveraged.com\/tr\/wp-json\/wp\/v2\/comments?post=5143"}],"version-history":[{"count":1,"href":"https:\/\/getleveraged.com\/tr\/wp-json\/wp\/v2\/pages\/5143\/revisions"}],"predecessor-version":[{"id":5152,"href":"https:\/\/getleveraged.com\/tr\/wp-json\/wp\/v2\/pages\/5143\/revisions\/5152"}],"wp:attachment":[{"href":"https:\/\/getleveraged.com\/tr\/wp-json\/wp\/v2\/media?parent=5143"}],"curies":[{"name":"wp","href":"https:\/\/api.w.org\/{rel}","templated":true}]}}